{"id":112,"date":"2025-03-28T14:37:54","date_gmt":"2025-03-28T14:37:54","guid":{"rendered":"https:\/\/miracompanions.com\/de\/?page_id=112"},"modified":"2025-06-09T11:52:16","modified_gmt":"2025-06-09T11:52:16","slug":"einsteigen-bei-mira","status":"publish","type":"page","link":"https:\/\/miracompanions.com\/de\/begleiter\/einsteigen-bei-mira\/","title":{"rendered":"Einsteigen bei MIRA"},"content":{"rendered":"[vc_row type=&#8220;in_container&#8220; full_screen_row_position=&#8220;middle&#8220; column_margin=&#8220;default&#8220; column_direction=&#8220;default&#8220; column_direction_tablet=&#8220;default&#8220; column_direction_phone=&#8220;default&#8220; scene_position=&#8220;center&#8220; text_color=&#8220;dark&#8220; text_align=&#8220;left&#8220; row_border_radius=&#8220;none&#8220; row_border_radius_applies=&#8220;bg&#8220; overflow=&#8220;visible&#8220; overlay_strength=&#8220;0.3&#8243; gradient_direction=&#8220;left_to_right&#8220; shape_divider_position=&#8220;bottom&#8220; bg_image_animation=&#8220;none&#8220;][vc_column column_padding=&#8220;no-extra-padding&#8220; column_padding_tablet=&#8220;inherit&#8220; column_padding_phone=&#8220;inherit&#8220; column_padding_position=&#8220;all&#8220; column_element_direction_desktop=&#8220;default&#8220; column_element_spacing=&#8220;default&#8220; desktop_text_alignment=&#8220;default&#8220; tablet_text_alignment=&#8220;default&#8220; phone_text_alignment=&#8220;default&#8220; background_color_opacity=&#8220;1&#8243; background_hover_color_opacity=&#8220;1&#8243; column_backdrop_filter=&#8220;none&#8220; column_shadow=&#8220;none&#8220; column_border_radius=&#8220;none&#8220; column_link_target=&#8220;_self&#8220; column_position=&#8220;default&#8220; gradient_direction=&#8220;left_to_right&#8220; overlay_strength=&#8220;0.3&#8243; width=&#8220;1\/1&#8243; tablet_width_inherit=&#8220;default&#8220; animation_type=&#8220;default&#8220; bg_image_animation=&#8220;none&#8220; border_type=&#8220;simple&#8220; column_border_width=&#8220;none&#8220; column_border_style=&#8220;solid&#8220;][vc_column_text css=&#8220;&#8220; text_direction=&#8220;default&#8220;]\n<h1>Einsteigen bei MIRA<\/h1>\n<p>&nbsp;<\/p>\n<h2><strong>Der Weg zur MIRA Partnerschaft<\/strong><\/h2>\n<ul>\n<li>Sie haben von MIRA geh\u00f6rt und interessieren sich f\u00fcr eine Zusammenarbeit, vielleicht haben Sie schon eine\/n MIRA Partner\/in pers\u00f6nlich kennengelernt.<\/li>\n<li>Sie sind bereits erfolgreich im Bereich Unternehmensberatung, Entwicklungsbegleitung und Coaching t\u00e4tig oder kommen aus einer F\u00fchrungsposition und sind jetzt auf dem Weg in die Selbst\u00e4ndigkeit.<\/li>\n<li>Sie haben Erfahrung in Prozessbegleitung und in den Bereichen Organisationsentwicklung und Pers\u00f6nlichkeitsentwicklung.<\/li>\n<li>Sie f\u00fchlen sich verbunden mit der Anthroposophie.<\/li>\n<\/ul>\n<p>Sie bekunden Ihr Interesse an einer Zusammenarbeit mit MIRA und wenden sich an Jakob Tewes oder an einen Ihnen bekannten MIRA Partner\/in.<\/p>\n<p>Wir halten R\u00fccksprache und entscheiden gemeinsam die weitere Vorgehensweise.<\/p>\n<p><strong>Ansprechpartner<br \/>\n<\/strong><a href=\"https:\/\/miracompanions.com\/de\/begleiter\/jakob-tewes\/\">Jakob Tewes<\/a>[\/vc_column_text][\/vc_column][\/vc_row]\n","protected":false},"excerpt":{"rendered":"<p>[vc_row type=&#8220;in_container&#8220; full_screen_row_position=&#8220;middle&#8220; column_margin=&#8220;default&#8220; column_direction=&#8220;default&#8220; column_direction_tablet=&#8220;default&#8220; column_direction_phone=&#8220;default&#8220; scene_position=&#8220;center&#8220; text_color=&#8220;dark&#8220; text_align=&#8220;left&#8220; row_border_radius=&#8220;none&#8220; row_border_radius_applies=&#8220;bg&#8220; overflow=&#8220;visible&#8220; overlay_strength=&#8220;0.3&#8243; gradient_direction=&#8220;left_to_right&#8220; shape_divider_position=&#8220;bottom&#8220; bg_image_animation=&#8220;none&#8220;][vc_column column_padding=&#8220;no-extra-padding&#8220; column_padding_tablet=&#8220;inherit&#8220; column_padding_phone=&#8220;inherit&#8220; column_padding_position=&#8220;all&#8220; column_element_direction_desktop=&#8220;default&#8220; column_element_spacing=&#8220;default&#8220; desktop_text_alignment=&#8220;default&#8220; tablet_text_alignment=&#8220;default&#8220; phone_text_alignment=&#8220;default&#8220; background_color_opacity=&#8220;1&#8243; background_hover_color_opacity=&#8220;1&#8243; column_backdrop_filter=&#8220;none&#8220; column_shadow=&#8220;none&#8220;&#8230;<\/p>\n","protected":false},"author":1,"featured_media":0,"parent":99,"menu_order":0,"comment_status":"closed","ping_status":"closed","template":"","meta":{"footnotes":""},"class_list":["post-112","page","type-page","status-publish"],"_links":{"self":[{"href":"https:\/\/miracompanions.com\/de\/wp-json\/wp\/v2\/pages\/112","targetHints":{"allow":["GET"]}}],"collection":[{"href":"https:\/\/miracompanions.com\/de\/wp-json\/wp\/v2\/pages"}],"about":[{"href":"https:\/\/miracompanions.com\/de\/wp-json\/wp\/v2\/types\/page"}],"author":[{"embeddable":true,"href":"https:\/\/miracompanions.com\/de\/wp-json\/wp\/v2\/users\/1"}],"replies":[{"embeddable":true,"href":"https:\/\/miracompanions.com\/de\/wp-json\/wp\/v2\/comments?post=112"}],"version-history":[{"count":4,"href":"https:\/\/miracompanions.com\/de\/wp-json\/wp\/v2\/pages\/112\/revisions"}],"predecessor-version":[{"id":1067,"href":"https:\/\/miracompanions.com\/de\/wp-json\/wp\/v2\/pages\/112\/revisions\/1067"}],"up":[{"embeddable":true,"href":"https:\/\/miracompanions.com\/de\/wp-json\/wp\/v2\/pages\/99"}],"wp:attachment":[{"href":"https:\/\/miracompanions.com\/de\/wp-json\/wp\/v2\/media?parent=112"}],"curies":[{"name":"wp","href":"https:\/\/api.w.org\/{rel}","templated":true}]}}